{"id":35,"date":"2023-12-17T11:42:37","date_gmt":"2023-12-17T10:42:37","guid":{"rendered":"https:\/\/www.belopolie.fr\/?page_id=35"},"modified":"2023-12-17T17:52:11","modified_gmt":"2023-12-17T16:52:11","slug":"la-nuit","status":"publish","type":"page","link":"https:\/\/www.belopolie.fr\/index.php\/la-nuit\/","title":{"rendered":"La nuit."},"content":{"rendered":"\n<figure class=\"wp-block-image aligncenter size-large\"><img fetchpriority=\"high\" decoding=\"async\" width=\"1024\" height=\"276\" src=\"https:\/\/i0.wp.com\/www.belopolie.fr\/wp-content\/uploads\/2023\/12\/NUIT_LOGO.png?resize=1024%2C276&#038;ssl=1\" alt=\"\" class=\"wp-image-179\" srcset=\"https:\/\/i0.wp.com\/www.belopolie.fr\/wp-content\/uploads\/2023\/12\/NUIT_LOGO.png?resize=1024%2C276&amp;ssl=1 1024w, https:\/\/i0.wp.com\/www.belopolie.fr\/wp-content\/uploads\/2023\/12\/NUIT_LOGO.png?resize=300%2C81&amp;ssl=1 300w, https:\/\/i0.wp.com\/www.belopolie.fr\/wp-content\/uploads\/2023\/12\/NUIT_LOGO.png?resize=768%2C207&amp;ssl=1 768w, https:\/\/i0.wp.com\/www.belopolie.fr\/wp-content\/uploads\/2023\/12\/NUIT_LOGO.png?resize=1536%2C414&amp;ssl=1 1536w, https:\/\/i0.wp.com\/www.belopolie.fr\/wp-content\/uploads\/2023\/12\/NUIT_LOGO.png?resize=2048%2C552&amp;ssl=1 2048w, https:\/\/i0.wp.com\/www.belopolie.fr\/wp-content\/uploads\/2023\/12\/NUIT_LOGO.png?resize=600%2C162&amp;ssl=1 600w, https:\/\/i0.wp.com\/www.belopolie.fr\/wp-content\/uploads\/2023\/12\/NUIT_LOGO.png?w=3000&amp;ssl=1 3000w\" sizes=\"(max-width: 1000px) 100vw, 1000px\" data-recalc-dims=\"1\" \/><\/figure>\n\n\n\n<div class=\"wp-block-buttons is-content-justification-space-between is-layout-flex wp-container-core-buttons-is-layout-b2891da8 wp-block-buttons-is-layout-flex\">\n<div class=\"wp-block-button\"><a class=\"wp-block-button__link wp-element-button\">Acheter un num\u00e9ro<\/a><\/div>\n\n\n\n<div class=\"wp-block-button\"><a class=\"wp-block-button__link wp-element-button\">S&rsquo;abonner<\/a><\/div>\n<\/div>\n\n\n\n<p class=\"has-text-align-center\" style=\"padding-top:0;padding-bottom:0\"><strong>\u2022 Un grand entretien\u00a0\u2022<\/strong><\/p>\n\n\n\n<p class=\"has-text-align-center\"><strong>Alors que pendant nos jours d\u00e9filent les commentaires sur l\u2019actualit\u00e9, le temps de la nuit est id\u00e9al pour r\u00e9fl\u00e9chir. La nuit. offre un espace \u00e0 la connaissance, par un grand entretien avec un\u00b7e historien\u00b7ne, \u00e9crivain\u00b7e, philosophe, pour mieux saisir une id\u00e9e ou un sujet d\u2019actualit\u00e9&#8230;<\/strong><\/p>\n\n\n\n<p><\/p>\n\n\n\n<p style=\"padding-top:0;padding-bottom:0\"><\/p>\n\n\n\n<p class=\"has-text-align-center\"><strong>\u2022 Une exploration de la nuit\u00a0\u2022<\/strong><\/p>\n\n\n\n<p class=\"has-text-align-center has-medium-font-size\"><strong>Des billets, des chroniques ou des textes in\u00e9dits viennent enrichir nos jours par l\u2019exploration de la nuit \u2013 vaste continent po\u00e9tique et clandestin o\u00f9 se pr\u00e9parent les r\u00e9volutions (politique, litt\u00e9raire, etc.).<\/strong><\/p>\n\n\n\n<div class=\"wp-block-columns is-layout-flex wp-container-core-columns-is-layout-28f84493 wp-block-columns-is-layout-flex\">\n<div class=\"wp-block-column is-layout-flow wp-block-column-is-layout-flow\">\n<figure class=\"wp-block-image size-large\"><a href=\"https:\/\/www.belopolie.fr\/index.php\/la-nuit-1\/\"><img decoding=\"async\" width=\"1024\" height=\"1024\" src=\"https:\/\/i0.wp.com\/www.belopolie.fr\/wp-content\/uploads\/2023\/12\/1.jpg?resize=1024%2C1024&#038;ssl=1\" alt=\"\" class=\"wp-image-36\" srcset=\"https:\/\/i0.wp.com\/www.belopolie.fr\/wp-content\/uploads\/2023\/12\/1-scaled.jpg?resize=1024%2C1024&amp;ssl=1 1024w, https:\/\/i0.wp.com\/www.belopolie.fr\/wp-content\/uploads\/2023\/12\/1-scaled.jpg?resize=300%2C300&amp;ssl=1 300w, https:\/\/i0.wp.com\/www.belopolie.fr\/wp-content\/uploads\/2023\/12\/1-scaled.jpg?resize=150%2C150&amp;ssl=1 150w, https:\/\/i0.wp.com\/www.belopolie.fr\/wp-content\/uploads\/2023\/12\/1-scaled.jpg?resize=768%2C768&amp;ssl=1 768w, https:\/\/i0.wp.com\/www.belopolie.fr\/wp-content\/uploads\/2023\/12\/1-scaled.jpg?resize=1536%2C1536&amp;ssl=1 1536w, https:\/\/i0.wp.com\/www.belopolie.fr\/wp-content\/uploads\/2023\/12\/1-scaled.jpg?resize=2048%2C2048&amp;ssl=1 2048w, https:\/\/i0.wp.com\/www.belopolie.fr\/wp-content\/uploads\/2023\/12\/1-scaled.jpg?resize=600%2C600&amp;ssl=1 600w, https:\/\/i0.wp.com\/www.belopolie.fr\/wp-content\/uploads\/2023\/12\/1-scaled.jpg?resize=100%2C100&amp;ssl=1 100w\" sizes=\"(max-width: 1000px) 100vw, 1000px\" data-recalc-dims=\"1\" \/><\/a><\/figure>\n<\/div>\n\n\n\n<div class=\"wp-block-column is-layout-flow wp-block-column-is-layout-flow\">\n<figure class=\"wp-block-image size-large\"><a href=\"belopolie.fr\/index.php\/la-nuit-2\/\"><img decoding=\"async\" width=\"1024\" height=\"1024\" src=\"https:\/\/i0.wp.com\/www.belopolie.fr\/wp-content\/uploads\/2023\/12\/2-1.jpg?resize=1024%2C1024&#038;ssl=1\" alt=\"\" class=\"wp-image-39\" srcset=\"https:\/\/i0.wp.com\/www.belopolie.fr\/wp-content\/uploads\/2023\/12\/2-1-scaled.jpg?resize=1024%2C1024&amp;ssl=1 1024w, https:\/\/i0.wp.com\/www.belopolie.fr\/wp-content\/uploads\/2023\/12\/2-1-scaled.jpg?resize=300%2C300&amp;ssl=1 300w, https:\/\/i0.wp.com\/www.belopolie.fr\/wp-content\/uploads\/2023\/12\/2-1-scaled.jpg?resize=150%2C150&amp;ssl=1 150w, https:\/\/i0.wp.com\/www.belopolie.fr\/wp-content\/uploads\/2023\/12\/2-1-scaled.jpg?resize=768%2C768&amp;ssl=1 768w, https:\/\/i0.wp.com\/www.belopolie.fr\/wp-content\/uploads\/2023\/12\/2-1-scaled.jpg?resize=1536%2C1536&amp;ssl=1 1536w, https:\/\/i0.wp.com\/www.belopolie.fr\/wp-content\/uploads\/2023\/12\/2-1-scaled.jpg?resize=2048%2C2048&amp;ssl=1 2048w, https:\/\/i0.wp.com\/www.belopolie.fr\/wp-content\/uploads\/2023\/12\/2-1-scaled.jpg?resize=600%2C600&amp;ssl=1 600w, https:\/\/i0.wp.com\/www.belopolie.fr\/wp-content\/uploads\/2023\/12\/2-1-scaled.jpg?resize=100%2C100&amp;ssl=1 100w\" sizes=\"(max-width: 1000px) 100vw, 1000px\" data-recalc-dims=\"1\" \/><\/a><\/figure>\n<\/div>\n<\/div>\n\n\n\n<div class=\"wp-block-columns is-layout-flex wp-container-core-columns-is-layout-28f84493 wp-block-columns-is-layout-flex\">\n<div class=\"wp-block-column is-layout-flow wp-block-column-is-layout-flow\">\n<figure class=\"wp-block-image size-large\"><a href=\"https:\/\/www.belopolie.fr\/index.php\/la-nuit-3\/\"><img loading=\"lazy\" decoding=\"async\" width=\"1024\" height=\"1024\" src=\"https:\/\/i0.wp.com\/www.belopolie.fr\/wp-content\/uploads\/2023\/12\/3site.jpg?resize=1024%2C1024&#038;ssl=1\" alt=\"\" class=\"wp-image-40\" srcset=\"https:\/\/i0.wp.com\/www.belopolie.fr\/wp-content\/uploads\/2023\/12\/3site-scaled.jpg?resize=1024%2C1024&amp;ssl=1 1024w, https:\/\/i0.wp.com\/www.belopolie.fr\/wp-content\/uploads\/2023\/12\/3site-scaled.jpg?resize=300%2C300&amp;ssl=1 300w, https:\/\/i0.wp.com\/www.belopolie.fr\/wp-content\/uploads\/2023\/12\/3site-scaled.jpg?resize=150%2C150&amp;ssl=1 150w, https:\/\/i0.wp.com\/www.belopolie.fr\/wp-content\/uploads\/2023\/12\/3site-scaled.jpg?resize=768%2C768&amp;ssl=1 768w, https:\/\/i0.wp.com\/www.belopolie.fr\/wp-content\/uploads\/2023\/12\/3site-scaled.jpg?resize=1536%2C1536&amp;ssl=1 1536w, https:\/\/i0.wp.com\/www.belopolie.fr\/wp-content\/uploads\/2023\/12\/3site-scaled.jpg?resize=2048%2C2048&amp;ssl=1 2048w, https:\/\/i0.wp.com\/www.belopolie.fr\/wp-content\/uploads\/2023\/12\/3site-scaled.jpg?resize=600%2C600&amp;ssl=1 600w, https:\/\/i0.wp.com\/www.belopolie.fr\/wp-content\/uploads\/2023\/12\/3site-scaled.jpg?resize=100%2C100&amp;ssl=1 100w\" sizes=\"(max-width: 1000px) 100vw, 1000px\" data-recalc-dims=\"1\" \/><\/a><\/figure>\n<\/div>\n\n\n\n<div class=\"wp-block-column is-layout-flow wp-block-column-is-layout-flow\">\n<figure class=\"wp-block-image size-large\"><a href=\"https:\/\/www.belopolie.fr\/index.php\/la-nuit-4\/\"><img loading=\"lazy\" decoding=\"async\" width=\"1024\" height=\"1024\" src=\"https:\/\/i0.wp.com\/www.belopolie.fr\/wp-content\/uploads\/2023\/12\/4site.jpg?resize=1024%2C1024&#038;ssl=1\" alt=\"\" class=\"wp-image-41\" srcset=\"https:\/\/i0.wp.com\/www.belopolie.fr\/wp-content\/uploads\/2023\/12\/4site-scaled.jpg?resize=1024%2C1024&amp;ssl=1 1024w, https:\/\/i0.wp.com\/www.belopolie.fr\/wp-content\/uploads\/2023\/12\/4site-scaled.jpg?resize=300%2C300&amp;ssl=1 300w, https:\/\/i0.wp.com\/www.belopolie.fr\/wp-content\/uploads\/2023\/12\/4site-scaled.jpg?resize=150%2C150&amp;ssl=1 150w, https:\/\/i0.wp.com\/www.belopolie.fr\/wp-content\/uploads\/2023\/12\/4site-scaled.jpg?resize=768%2C768&amp;ssl=1 768w, https:\/\/i0.wp.com\/www.belopolie.fr\/wp-content\/uploads\/2023\/12\/4site-scaled.jpg?resize=1536%2C1536&amp;ssl=1 1536w, https:\/\/i0.wp.com\/www.belopolie.fr\/wp-content\/uploads\/2023\/12\/4site-scaled.jpg?resize=2048%2C2048&amp;ssl=1 2048w, https:\/\/i0.wp.com\/www.belopolie.fr\/wp-content\/uploads\/2023\/12\/4site-scaled.jpg?resize=600%2C600&amp;ssl=1 600w, https:\/\/i0.wp.com\/www.belopolie.fr\/wp-content\/uploads\/2023\/12\/4site-scaled.jpg?resize=100%2C100&amp;ssl=1 100w\" sizes=\"(max-width: 1000px) 100vw, 1000px\" data-recalc-dims=\"1\" \/><\/a><\/figure>\n<\/div>\n<\/div>\n\n\n\n<div class=\"wp-block-columns is-layout-flex wp-container-core-columns-is-layout-28f84493 wp-block-columns-is-layout-flex\">\n<div class=\"wp-block-column is-layout-flow wp-block-column-is-layout-flow\">\n<figure class=\"wp-block-image size-large\"><a href=\"https:\/\/www.belopolie.fr\/index.php\/la-nuit-5\/\"><img loading=\"lazy\" decoding=\"async\" width=\"1024\" height=\"1024\" src=\"https:\/\/i0.wp.com\/www.belopolie.fr\/wp-content\/uploads\/2023\/12\/5site.jpg?resize=1024%2C1024&#038;ssl=1\" alt=\"\" class=\"wp-image-42\" srcset=\"https:\/\/i0.wp.com\/www.belopolie.fr\/wp-content\/uploads\/2023\/12\/5site-scaled.jpg?resize=1024%2C1024&amp;ssl=1 1024w, https:\/\/i0.wp.com\/www.belopolie.fr\/wp-content\/uploads\/2023\/12\/5site-scaled.jpg?resize=300%2C300&amp;ssl=1 300w, https:\/\/i0.wp.com\/www.belopolie.fr\/wp-content\/uploads\/2023\/12\/5site-scaled.jpg?resize=150%2C150&amp;ssl=1 150w, https:\/\/i0.wp.com\/www.belopolie.fr\/wp-content\/uploads\/2023\/12\/5site-scaled.jpg?resize=768%2C768&amp;ssl=1 768w, https:\/\/i0.wp.com\/www.belopolie.fr\/wp-content\/uploads\/2023\/12\/5site-scaled.jpg?resize=1536%2C1536&amp;ssl=1 1536w, https:\/\/i0.wp.com\/www.belopolie.fr\/wp-content\/uploads\/2023\/12\/5site-scaled.jpg?resize=2048%2C2048&amp;ssl=1 2048w, https:\/\/i0.wp.com\/www.belopolie.fr\/wp-content\/uploads\/2023\/12\/5site-scaled.jpg?resize=600%2C600&amp;ssl=1 600w, https:\/\/i0.wp.com\/www.belopolie.fr\/wp-content\/uploads\/2023\/12\/5site-scaled.jpg?resize=100%2C100&amp;ssl=1 100w\" sizes=\"(max-width: 1000px) 100vw, 1000px\" data-recalc-dims=\"1\" \/><\/a><\/figure>\n<\/div>\n\n\n\n<div class=\"wp-block-column is-layout-flow wp-block-column-is-layout-flow\">\n<figure class=\"wp-block-image size-large\"><a href=\"belopolie.fr\/index.php\/la-nuit-6\/\"><img loading=\"lazy\" decoding=\"async\" width=\"1024\" height=\"1024\" src=\"https:\/\/i0.wp.com\/www.belopolie.fr\/wp-content\/uploads\/2023\/12\/6site.jpg?resize=1024%2C1024&#038;ssl=1\" alt=\"\" class=\"wp-image-37\" srcset=\"https:\/\/i0.wp.com\/www.belopolie.fr\/wp-content\/uploads\/2023\/12\/6site-scaled.jpg?resize=1024%2C1024&amp;ssl=1 1024w, https:\/\/i0.wp.com\/www.belopolie.fr\/wp-content\/uploads\/2023\/12\/6site-scaled.jpg?resize=300%2C300&amp;ssl=1 300w, https:\/\/i0.wp.com\/www.belopolie.fr\/wp-content\/uploads\/2023\/12\/6site-scaled.jpg?resize=150%2C150&amp;ssl=1 150w, https:\/\/i0.wp.com\/www.belopolie.fr\/wp-content\/uploads\/2023\/12\/6site-scaled.jpg?resize=768%2C768&amp;ssl=1 768w, https:\/\/i0.wp.com\/www.belopolie.fr\/wp-content\/uploads\/2023\/12\/6site-scaled.jpg?resize=1536%2C1536&amp;ssl=1 1536w, https:\/\/i0.wp.com\/www.belopolie.fr\/wp-content\/uploads\/2023\/12\/6site-scaled.jpg?resize=2048%2C2048&amp;ssl=1 2048w, https:\/\/i0.wp.com\/www.belopolie.fr\/wp-content\/uploads\/2023\/12\/6site-scaled.jpg?resize=600%2C600&amp;ssl=1 600w, https:\/\/i0.wp.com\/www.belopolie.fr\/wp-content\/uploads\/2023\/12\/6site-scaled.jpg?resize=100%2C100&amp;ssl=1 100w\" sizes=\"(max-width: 1000px) 100vw, 1000px\" data-recalc-dims=\"1\" \/><\/a><\/figure>\n<\/div>\n<\/div>\n\n\n\n<div class=\"wp-block-columns is-layout-flex wp-container-core-columns-is-layout-28f84493 wp-block-columns-is-layout-flex\">\n<div class=\"wp-block-column is-layout-flow wp-block-column-is-layout-flow\">\n<figure class=\"wp-block-image size-large\"><a href=\"https:\/\/www.belopolie.fr\/index.php\/la-nuit-7\/\"><img loading=\"lazy\" decoding=\"async\" width=\"1024\" height=\"1024\" src=\"https:\/\/i0.wp.com\/www.belopolie.fr\/wp-content\/uploads\/2023\/12\/7.jpg?resize=1024%2C1024&#038;ssl=1\" alt=\"\" class=\"wp-image-44\" srcset=\"https:\/\/i0.wp.com\/www.belopolie.fr\/wp-content\/uploads\/2023\/12\/7-scaled.jpg?resize=1024%2C1024&amp;ssl=1 1024w, https:\/\/i0.wp.com\/www.belopolie.fr\/wp-content\/uploads\/2023\/12\/7-scaled.jpg?resize=300%2C300&amp;ssl=1 300w, https:\/\/i0.wp.com\/www.belopolie.fr\/wp-content\/uploads\/2023\/12\/7-scaled.jpg?resize=150%2C150&amp;ssl=1 150w, https:\/\/i0.wp.com\/www.belopolie.fr\/wp-content\/uploads\/2023\/12\/7-scaled.jpg?resize=768%2C768&amp;ssl=1 768w, https:\/\/i0.wp.com\/www.belopolie.fr\/wp-content\/uploads\/2023\/12\/7-scaled.jpg?resize=1536%2C1536&amp;ssl=1 1536w, https:\/\/i0.wp.com\/www.belopolie.fr\/wp-content\/uploads\/2023\/12\/7-scaled.jpg?resize=2048%2C2048&amp;ssl=1 2048w, https:\/\/i0.wp.com\/www.belopolie.fr\/wp-content\/uploads\/2023\/12\/7-scaled.jpg?resize=600%2C600&amp;ssl=1 600w, https:\/\/i0.wp.com\/www.belopolie.fr\/wp-content\/uploads\/2023\/12\/7-scaled.jpg?resize=100%2C100&amp;ssl=1 100w\" sizes=\"(max-width: 1000px) 100vw, 1000px\" data-recalc-dims=\"1\" \/><\/a><\/figure>\n<\/div>\n\n\n\n<div class=\"wp-block-column is-layout-flow wp-block-column-is-layout-flow\">\n<figure class=\"wp-block-image size-large\"><a href=\"https:\/\/www.belopolie.fr\/index.php\/la-nuit-8\/\"><img loading=\"lazy\" decoding=\"async\" width=\"1024\" height=\"1024\" src=\"https:\/\/i0.wp.com\/www.belopolie.fr\/wp-content\/uploads\/2023\/12\/8site.jpg?resize=1024%2C1024&#038;ssl=1\" alt=\"\" class=\"wp-image-43\" srcset=\"https:\/\/i0.wp.com\/www.belopolie.fr\/wp-content\/uploads\/2023\/12\/8site-scaled.jpg?resize=1024%2C1024&amp;ssl=1 1024w, https:\/\/i0.wp.com\/www.belopolie.fr\/wp-content\/uploads\/2023\/12\/8site-scaled.jpg?resize=300%2C300&amp;ssl=1 300w, https:\/\/i0.wp.com\/www.belopolie.fr\/wp-content\/uploads\/2023\/12\/8site-scaled.jpg?resize=150%2C150&amp;ssl=1 150w, https:\/\/i0.wp.com\/www.belopolie.fr\/wp-content\/uploads\/2023\/12\/8site-scaled.jpg?resize=768%2C768&amp;ssl=1 768w, https:\/\/i0.wp.com\/www.belopolie.fr\/wp-content\/uploads\/2023\/12\/8site-scaled.jpg?resize=1536%2C1536&amp;ssl=1 1536w, https:\/\/i0.wp.com\/www.belopolie.fr\/wp-content\/uploads\/2023\/12\/8site-scaled.jpg?resize=2048%2C2048&amp;ssl=1 2048w, https:\/\/i0.wp.com\/www.belopolie.fr\/wp-content\/uploads\/2023\/12\/8site-scaled.jpg?resize=600%2C600&amp;ssl=1 600w, https:\/\/i0.wp.com\/www.belopolie.fr\/wp-content\/uploads\/2023\/12\/8site-scaled.jpg?resize=100%2C100&amp;ssl=1 100w\" sizes=\"(max-width: 1000px) 100vw, 1000px\" data-recalc-dims=\"1\" \/><\/a><\/figure>\n<\/div>\n<\/div>\n","protected":false},"excerpt":{"rendered":"<p>\u2022 Un grand entretien\u00a0\u2022 Alors que pendant nos jours d\u00e9filent les commentaires sur l\u2019actualit\u00e9, le temps de la nuit est id\u00e9al pour r\u00e9fl\u00e9chir. La nuit. offre un espace \u00e0 la connaissance, par un grand entretien avec un\u00b7e historien\u00b7ne, \u00e9crivain\u00b7e, philosophe, pour mieux saisir une id\u00e9e ou un sujet d\u2019actualit\u00e9&#8230; \u2022 Une exploration de la nuit\u00a0\u2022 [&hellip;]<\/p>\n","protected":false},"author":1,"featured_media":0,"parent":0,"menu_order":0,"comment_status":"closed","ping_status":"closed","template":"","meta":{"footnotes":""},"class_list":["post-35","page","type-page","status-publish","hentry"],"jetpack_sharing_enabled":true,"jetpack-related-posts":[{"id":142,"url":"https:\/\/www.belopolie.fr\/index.php\/la-nuit-5\/","url_meta":{"origin":35,"position":0},"title":"La nuit. #5","author":"admin2828","date":"17 d\u00e9cembre 2023","format":false,"excerpt":"#5. Fraternit\u00e9 Entretien avec Samuel Hayat, chercheur en science politique\u00ab\u00a0La fraternit\u00e9, en R\u00e9publique, comme la libert\u00e9 et l\u2019\u00e9galit\u00e9, n\u2019est accept\u00e9e par les dominants et par l\u2019appareil d\u2019\u00c9tat que de mani\u00e8re conditionnelle, partielle, sous r\u00e9serve d\u2019une acceptation g\u00e9n\u00e9rale de l\u2019ordre social.\u00a0\u00bb La nuit introuvable\u00a0d\u2019Abdella Khaldi\u00ab On doit se rendre \u00e0 l\u2019\u00e9vidence\u2026","rel":"","context":"Article similaire","block_context":{"text":"Article similaire","link":""},"img":{"alt_text":"","src":"","width":0,"height":0},"classes":[]},{"id":136,"url":"https:\/\/www.belopolie.fr\/index.php\/la-nuit-3\/","url_meta":{"origin":35,"position":1},"title":"La nuit. #3","author":"admin2828","date":"17 d\u00e9cembre 2023","format":false,"excerpt":"#3. \u00catre pauvre, en France Entretien avec Axelle Brodiez-Dolino, historienne\u00ab Lutter contre la pauvret\u00e9, c\u2019est aussi travailler pour la d\u00e9mocratie. \u00bb En moi la nuit, un texte in\u00e9dit de Catherine Mavrikakis\u00ab Souvent, la nuit m\u2019arrive, \u00e0 l\u2019improviste, en plein jour, dans une lumi\u00e8re \u00e9blouissante, et je ne sais pourquoi (je\u2026","rel":"","context":"Article similaire","block_context":{"text":"Article similaire","link":""},"img":{"alt_text":"","src":"","width":0,"height":0},"classes":[]},{"id":150,"url":"https:\/\/www.belopolie.fr\/index.php\/la-nuit-8\/","url_meta":{"origin":35,"position":2},"title":"La nuit. #8","author":"admin2828","date":"17 d\u00e9cembre 2023","format":false,"excerpt":"#8. Maghreb, les promesses d\u2019un destin collectif Entretien avec Khadija Mohsen-Finan, politologue et historienne\u00ab Il y a aujourd\u2019hui une farouche volont\u00e9 de vivre autrement \u2013 que le peuple soit au centre de la vie politique \u2013, une aspiration \u00e0 une plus grande \u00e9galit\u00e9 et un refus des privil\u00e8ges. \u00bb Acheter\u2026","rel":"","context":"Article similaire","block_context":{"text":"Article similaire","link":""},"img":{"alt_text":"","src":"https:\/\/i0.wp.com\/www.belopolie.fr\/wp-content\/uploads\/2023\/12\/DSC05975-scaled.jpg?resize=350%2C200&ssl=1","width":350,"height":200,"srcset":"https:\/\/i0.wp.com\/www.belopolie.fr\/wp-content\/uploads\/2023\/12\/DSC05975-scaled.jpg?resize=350%2C200&ssl=1 1x, https:\/\/i0.wp.com\/www.belopolie.fr\/wp-content\/uploads\/2023\/12\/DSC05975-scaled.jpg?resize=525%2C300&ssl=1 1.5x, https:\/\/i0.wp.com\/www.belopolie.fr\/wp-content\/uploads\/2023\/12\/DSC05975-scaled.jpg?resize=700%2C400&ssl=1 2x, https:\/\/i0.wp.com\/www.belopolie.fr\/wp-content\/uploads\/2023\/12\/DSC05975-scaled.jpg?resize=1050%2C600&ssl=1 3x, https:\/\/i0.wp.com\/www.belopolie.fr\/wp-content\/uploads\/2023\/12\/DSC05975-scaled.jpg?resize=1400%2C800&ssl=1 4x"},"classes":[]},{"id":123,"url":"https:\/\/www.belopolie.fr\/index.php\/la-nuit-1\/","url_meta":{"origin":35,"position":3},"title":"La nuit. 1","author":"admin2828","date":"17 d\u00e9cembre 2023","format":false,"excerpt":"#1. R\u00eavons-nous d\u2019une r\u00e9volution Alger, Beyrouth, Bagdad, Hongkong, Khartoum, Santiago, que reste-t-il des r\u00e9volutions ?Entretien avec Ludivine Bantigny, historienne \u00abTous les mouvements r\u00e9volutionnaires sont des temps suspendus \u00bb Une exploration po\u00e9tique et politique de la nuit La nuit divine\u00a0de Pierre BergouniouxUlysse face \u00e0 Cyclope. Un texte t\u00e9n\u00e9breux, cavernicole et nocturne.\u2026","rel":"","context":"Article similaire","block_context":{"text":"Article similaire","link":""},"img":{"alt_text":"","src":"https:\/\/i0.wp.com\/www.belopolie.fr\/wp-content\/uploads\/2023\/12\/DSC00934-scaled.jpg?resize=350%2C200&ssl=1","width":350,"height":200,"srcset":"https:\/\/i0.wp.com\/www.belopolie.fr\/wp-content\/uploads\/2023\/12\/DSC00934-scaled.jpg?resize=350%2C200&ssl=1 1x, https:\/\/i0.wp.com\/www.belopolie.fr\/wp-content\/uploads\/2023\/12\/DSC00934-scaled.jpg?resize=525%2C300&ssl=1 1.5x, https:\/\/i0.wp.com\/www.belopolie.fr\/wp-content\/uploads\/2023\/12\/DSC00934-scaled.jpg?resize=700%2C400&ssl=1 2x, https:\/\/i0.wp.com\/www.belopolie.fr\/wp-content\/uploads\/2023\/12\/DSC00934-scaled.jpg?resize=1050%2C600&ssl=1 3x, https:\/\/i0.wp.com\/www.belopolie.fr\/wp-content\/uploads\/2023\/12\/DSC00934-scaled.jpg?resize=1400%2C800&ssl=1 4x"},"classes":[]},{"id":148,"url":"https:\/\/www.belopolie.fr\/index.php\/la-nuit-7\/","url_meta":{"origin":35,"position":4},"title":"La nuit. #7","author":"admin2828","date":"17 d\u00e9cembre 2023","format":false,"excerpt":"#7. \u00c9galit\u00e9 Entretien avec \u00c9ric Fassin, sociologue\u00ab La bataille politique vise \u00e0 rendre le monde que nous d\u00e9sirons d\u00e9sirable pour d\u2019autres, et rendre l\u2019\u00e9galit\u00e9 d\u00e9sirable est l\u2019enjeu d\u00e9mocratique par excellence.\u00bb Acheter le num\u00e9ro Lire un extrait","rel":"","context":"Article similaire","block_context":{"text":"Article similaire","link":""},"img":{"alt_text":"","src":"","width":0,"height":0},"classes":[]},{"id":138,"url":"https:\/\/www.belopolie.fr\/index.php\/la-nuit-4\/","url_meta":{"origin":35,"position":5},"title":"La nuit. #4","author":"admin2828","date":"17 d\u00e9cembre 2023","format":false,"excerpt":"#4. Le travail a-t-il un avenir Entretien avec Dominique M\u00e9da, sociologue et philosophe\u00ab\u00a0D\u00e9marchandiser le travail, c\u2019est rompre avec notre acceptation du ch\u00f4mage et mettre en \u0153uvre une autre mani\u00e8re d\u2019organiser le travail.\u00a0\u00bb La rumeur\u00a0(La rim\u00e8r)\u00a0de Vincent ConstantinUne nouvelle in\u00e9dite publi\u00e9e en cr\u00e9ole r\u00e9unionnais et traduite en fran\u00e7ais par l\u2019auteur. Ce\u2026","rel":"","context":"Article similaire","block_context":{"text":"Article similaire","link":""},"img":{"alt_text":"","src":"https:\/\/i0.wp.com\/www.belopolie.fr\/wp-content\/uploads\/2023\/12\/La-nuit.8-scaled.jpg?resize=350%2C200&ssl=1","width":350,"height":200,"srcset":"https:\/\/i0.wp.com\/www.belopolie.fr\/wp-content\/uploads\/2023\/12\/La-nuit.8-scaled.jpg?resize=350%2C200&ssl=1 1x, https:\/\/i0.wp.com\/www.belopolie.fr\/wp-content\/uploads\/2023\/12\/La-nuit.8-scaled.jpg?resize=525%2C300&ssl=1 1.5x, https:\/\/i0.wp.com\/www.belopolie.fr\/wp-content\/uploads\/2023\/12\/La-nuit.8-scaled.jpg?resize=700%2C400&ssl=1 2x, https:\/\/i0.wp.com\/www.belopolie.fr\/wp-content\/uploads\/2023\/12\/La-nuit.8-scaled.jpg?resize=1050%2C600&ssl=1 3x, https:\/\/i0.wp.com\/www.belopolie.fr\/wp-content\/uploads\/2023\/12\/La-nuit.8-scaled.jpg?resize=1400%2C800&ssl=1 4x"},"classes":[]}],"_links":{"self":[{"href":"https:\/\/www.belopolie.fr\/index.php\/wp-json\/wp\/v2\/pages\/35","targetHints":{"allow":["GET"]}}],"collection":[{"href":"https:\/\/www.belopolie.fr\/index.php\/wp-json\/wp\/v2\/pages"}],"about":[{"href":"https:\/\/www.belopolie.fr\/index.php\/wp-json\/wp\/v2\/types\/page"}],"author":[{"embeddable":true,"href":"https:\/\/www.belopolie.fr\/index.php\/wp-json\/wp\/v2\/users\/1"}],"replies":[{"embeddable":true,"href":"https:\/\/www.belopolie.fr\/index.php\/wp-json\/wp\/v2\/comments?post=35"}],"version-history":[{"count":32,"href":"https:\/\/www.belopolie.fr\/index.php\/wp-json\/wp\/v2\/pages\/35\/revisions"}],"predecessor-version":[{"id":181,"href":"https:\/\/www.belopolie.fr\/index.php\/wp-json\/wp\/v2\/pages\/35\/revisions\/181"}],"wp:attachment":[{"href":"https:\/\/www.belopolie.fr\/index.php\/wp-json\/wp\/v2\/media?parent=35"}],"curies":[{"name":"wp","href":"https:\/\/api.w.org\/{rel}","templated":true}]}}